{"id":24975,"date":"2025-06-19T10:07:18","date_gmt":"2025-06-19T10:07:18","guid":{"rendered":"https:\/\/ganapathys125.sg-host.com\/?post_type=product&#038;p=24975"},"modified":"2025-09-16T06:11:31","modified_gmt":"2025-09-16T06:11:31","slug":"duchess-black-asphalt","status":"publish","type":"product","link":"https:\/\/sverossi.com\/fr\/product\/duchess-black-asphalt\/","title":{"rendered":"DUCHESS Black Asphalt"},"content":{"rendered":"<ul class=\"custom-arr\">\n<li>Tous nos produits sont livr\u00e9s dans des emballages estampill\u00e9s \u00e0 notre marque avec des Dustbags pour le sac et ses 2 lani\u00e8res ; une en perles et l\u2019autre en acier dor\u00e9 ou argent\u00e9 selon les \u00e9l\u00e9ments d\u2019attaches et de fermeture du mod\u00e8le. Un certificat mentionnant la r\u00e9f\u00e9rence et le num\u00e9ro de s\u00e9rie de votre sac est soigneusement rempli par notre \u00e9quipe lors de la livraison ou de l&rsquo;achat en boutique.<\/li>\n<li>Pour pr\u00e9server la beaut\u00e9 et la qualit\u00e9 de votre sac, nous vous recommandons de l&rsquo;utiliser avec pr\u00e9caution, en \u00e9vitant tout poids excessif ou exposition prolong\u00e9e \u00e0 la chaleur.<\/li>\n<li>Pour une durabilit\u00e9 optimale, nous vous recommandons de ranger votre sac en position verticale, dans sa housse et son emballage d&rsquo;origine.<\/li>\n<\/ul>\n","protected":false},"excerpt":{"rendered":"<p>Model: DUCHESS<\/p>\n<p>Couleur: Black Asphalt<\/p>\n<p>Dimensions: 14x10x3.5cm<\/p>\n<p>Hauteur avec poign\u00e9e: 18cm<\/p>\n<p>Lani\u00e8re m\u00e9tallique: 100cm<\/p>\n<p>Lani\u00e8re de perles: 100cm<\/p>\n<p>Poids: 460g<\/p>\n<p>Doublure int\u00e9rieure cousue \u00e0 la main<\/p>\n<p>(Les dimensions ci-dessus peuvent l\u00e9g\u00e8rement varier, car nos sacs sont des r\u00e9alisations artisanales)<\/p>\n","protected":false},"featured_media":22391,"template":"","meta":{"inline_featured_image":false},"product_brand":[],"product_cat":[240],"product_tag":[],"class_list":{"0":"post-24975","1":"product","2":"type-product","3":"status-publish","4":"has-post-thumbnail","6":"product_cat-duchess-fr","8":"first","9":"instock","10":"shipping-taxable","11":"purchasable","12":"product-type-simple"},"_links":{"self":[{"href":"https:\/\/sverossi.com\/fr\/wp-json\/wp\/v2\/product\/24975","targetHints":{"allow":["GET"]}}],"collection":[{"href":"https:\/\/sverossi.com\/fr\/wp-json\/wp\/v2\/product"}],"about":[{"href":"https:\/\/sverossi.com\/fr\/wp-json\/wp\/v2\/types\/product"}],"wp:featuredmedia":[{"embeddable":true,"href":"https:\/\/sverossi.com\/fr\/wp-json\/wp\/v2\/media\/22391"}],"wp:attachment":[{"href":"https:\/\/sverossi.com\/fr\/wp-json\/wp\/v2\/media?parent=24975"}],"wp:term":[{"taxonomy":"product_brand","embeddable":true,"href":"https:\/\/sverossi.com\/fr\/wp-json\/wp\/v2\/product_brand?post=24975"},{"taxonomy":"product_cat","embeddable":true,"href":"https:\/\/sverossi.com\/fr\/wp-json\/wp\/v2\/product_cat?post=24975"},{"taxonomy":"product_tag","embeddable":true,"href":"https:\/\/sverossi.com\/fr\/wp-json\/wp\/v2\/product_tag?post=24975"}],"curies":[{"name":"wp","href":"https:\/\/api.w.org\/{rel}","templated":true}]}}