{"id":23684,"date":"2025-07-03T12:19:02","date_gmt":"2025-07-03T12:19:02","guid":{"rendered":"https:\/\/ganapathys125.sg-host.com\/emballage\/"},"modified":"2025-08-19T12:44:54","modified_gmt":"2025-08-19T12:44:54","slug":"emballage","status":"publish","type":"page","link":"https:\/\/sverossi.com\/fr\/emballage-et-livraison\/","title":{"rendered":"Emballage et Livraison"},"content":{"rendered":"\t\t<div data-elementor-type=\"wp-page\" data-elementor-id=\"23684\" class=\"elementor elementor-23684 elementor-22998\" data-elementor-post-type=\"page\">\n\t\t\t\t\t\t<section class=\"elementor-section-with-custom-width elementor-section elementor-top-section elementor-element elementor-element-1e36bf5 elementor-section-full_width elementor-section-height-default elementor-section-height-default sc_fly_static\" data-id=\"1e36bf5\" data-element_type=\"section\" data-settings=\"{&quot;background_background&quot;:&quot;classic&quot;}\">\n\t\t\t\t\t\t\t<div class=\"elementor-background-overlay\"><\/div>\n\t\t\t\t\t\t\t<div class=\"elementor-container elementor-column-gap-default\">\n\t\t\t\t\t<div class=\"elementor-column elementor-col-100 elementor-top-column elementor-element elementor-element-45f56f4 sc-mobile_inner_width_none sc_content_align_inherit sc_layouts_column_icons_position_left sc_fly_static\" data-id=\"45f56f4\" data-element_type=\"column\">\n\t\t\t<div class=\"elementor-widget-wrap elementor-element-populated\">\n\t\t\t\t\t\t<div class=\"elementor-element elementor-element-97573b9 sc_fly_static elementor-widget elementor-widget-image\" data-id=\"97573b9\" data-element_type=\"widget\" data-widget_type=\"image.default\">\n\t\t\t\t<div class=\"elementor-widget-container\">\n\t\t\t\t\t\t\t\t\t\t\t\t\t\t\t\t<a href=\"\/fr\/boutique\/\">\n\t\t\t\t\t\t\t<img fetchpriority=\"high\" decoding=\"async\" width=\"2560\" height=\"925\" src=\"https:\/\/sverossi.com\/wp-content\/uploads\/2025\/07\/banner2x-2-scaled.png\" class=\"attachment-full size-full wp-image-24652\" alt=\"Bags\" srcset=\"https:\/\/sverossi.com\/wp-content\/uploads\/2025\/07\/banner2x-2-scaled.png 2560w, https:\/\/sverossi.com\/wp-content\/uploads\/2025\/07\/banner2x-2-scaled-1638x592.png 1638w, https:\/\/sverossi.com\/wp-content\/uploads\/2025\/07\/banner2x-2-scaled-600x217.png 600w, https:\/\/sverossi.com\/wp-content\/uploads\/2025\/07\/banner2x-2-300x108.png 300w, https:\/\/sverossi.com\/wp-content\/uploads\/2025\/07\/banner2x-2-1024x370.png 1024w, https:\/\/sverossi.com\/wp-content\/uploads\/2025\/07\/banner2x-2-768x277.png 768w, https:\/\/sverossi.com\/wp-content\/uploads\/2025\/07\/banner2x-2-1536x555.png 1536w, https:\/\/sverossi.com\/wp-content\/uploads\/2025\/07\/banner2x-2-2048x740.png 2048w, https:\/\/sverossi.com\/wp-content\/uploads\/2025\/07\/banner2x-2-370x134.png 370w, https:\/\/sverossi.com\/wp-content\/uploads\/2025\/07\/banner2x-2-840x303.png 840w, https:\/\/sverossi.com\/wp-content\/uploads\/2025\/07\/banner2x-2-410x148.png 410w\" sizes=\"(max-width: 2560px) 100vw, 2560px\" \/>\t\t\t\t\t\t\t\t<\/a>\n\t\t\t\t\t\t\t\t\t\t\t\t\t\t\t<\/div>\n\t\t\t\t<\/div>\n\t\t\t\t\t<\/div>\n\t\t<\/div>\n\t\t\t\t\t<\/div>\n\t\t<\/section>\n\t\t\t\t<section class=\"elementor-section elementor-top-section elementor-element elementor-element-1cf177e elementor-section-boxed elementor-section-height-default elementor-section-height-default sc_fly_static\" data-id=\"1cf177e\" data-element_type=\"section\" data-settings=\"{&quot;background_background&quot;:&quot;classic&quot;}\">\n\t\t\t\t\t\t<div class=\"elementor-container elementor-column-gap-extended\">\n\t\t\t\t\t<div class=\"elementor-column elementor-col-100 elementor-top-column elementor-element elementor-element-bf15bf1 sc_content_align_inherit sc_layouts_column_icons_position_left sc_fly_static\" data-id=\"bf15bf1\" data-element_type=\"column\">\n\t\t\t<div class=\"elementor-widget-wrap elementor-element-populated\">\n\t\t\t\t\t\t<div class=\"elementor-element elementor-element-85d7b6b sc_fly_static elementor-widget elementor-widget-heading\" data-id=\"85d7b6b\" data-element_type=\"widget\" data-widget_type=\"heading.default\">\n\t\t\t\t<div class=\"elementor-widget-container\">\n\t\t\t\t\t<h2 class=\"elementor-heading-title elementor-size-default\">D\u00e9couvrez votre nouveau sac <\/h2>\t\t\t\t<\/div>\n\t\t\t\t<\/div>\n\t\t\t\t\t<\/div>\n\t\t<\/div>\n\t\t\t\t\t<\/div>\n\t\t<\/section>\n\t\t\t\t<section class=\"elementor-section-with-custom-width elementor-section elementor-top-section elementor-element elementor-element-7b4ac7d elementor-section-boxed elementor-section-height-default elementor-section-height-default sc_fly_static\" data-id=\"7b4ac7d\" data-element_type=\"section\" data-settings=\"{&quot;background_background&quot;:&quot;classic&quot;}\">\n\t\t\t\t\t\t<div class=\"elementor-container elementor-column-gap-no\">\n\t\t\t\t\t<div class=\"elementor-column elementor-col-50 elementor-top-column elementor-element elementor-element-ae10f67 sc_content_align_inherit sc_layouts_column_icons_position_left sc_fly_static\" data-id=\"ae10f67\" data-element_type=\"column\">\n\t\t\t<div class=\"elementor-widget-wrap elementor-element-populated\">\n\t\t\t\t\t\t<section class=\"elementor-section elementor-inner-section elementor-element elementor-element-64edd96 scheme_dark elementor-section-boxed elementor-section-height-default elementor-section-height-default sc_fly_static\" data-id=\"64edd96\" data-element_type=\"section\" data-settings=\"{&quot;background_background&quot;:&quot;classic&quot;}\">\n\t\t\t\t\t\t<div class=\"elementor-container elementor-column-gap-no\">\n\t\t\t\t\t<div class=\"elementor-column elementor-col-100 elementor-inner-column elementor-element elementor-element-dba89e2 sc_content_align_inherit sc_layouts_column_icons_position_left sc_fly_static\" data-id=\"dba89e2\" data-element_type=\"column\">\n\t\t\t<div class=\"elementor-widget-wrap elementor-element-populated\">\n\t\t\t\t\t\t<div class=\"elementor-element elementor-element-888aa86 sc_fly_static elementor-widget elementor-widget-trx_sc_title\" data-id=\"888aa86\" data-element_type=\"widget\" data-widget_type=\"trx_sc_title.default\">\n\t\t\t\t<div class=\"elementor-widget-container\">\n\t\t\t\t\t<div\t\tclass=\"sc_title sc_title_default\" ><h3 class=\"sc_item_title sc_title_title sc_item_title_style_default sc_item_title_tag\"\n\t\t\t><span class=\"sc_item_title_text\">Comment votre nouveau sac est livr\u00e9 <\/span><\/h3><\/div>\t\t\t\t<\/div>\n\t\t\t\t<\/div>\n\t\t\t\t<div class=\"elementor-element elementor-element-99e3d19 sc_fly_static elementor-widget elementor-widget-spacer\" data-id=\"99e3d19\" data-element_type=\"widget\" data-widget_type=\"spacer.default\">\n\t\t\t\t<div class=\"elementor-widget-container\">\n\t\t\t\t\t\t\t<div class=\"elementor-spacer\">\n\t\t\t<div class=\"elementor-spacer-inner\"><\/div>\n\t\t<\/div>\n\t\t\t\t\t\t<\/div>\n\t\t\t\t<\/div>\n\t\t\t\t<div class=\"elementor-element elementor-element-cf1b6fb sc_fly_static elementor-widget elementor-widget-text-editor\" data-id=\"cf1b6fb\" data-element_type=\"widget\" data-widget_type=\"text-editor.default\">\n\t\t\t\t<div class=\"elementor-widget-container\">\n\t\t\t\t\t\t\t\t\tTous nos produits sont livr\u00e9s dans des emballages estampill\u00e9s \u00e0 notre marque avec des Dustbags pour le sac et ses 2 lani\u00e8res ; une en perles et l\u2019autre en acier dor\u00e9 ou argent\u00e9 selon les \u00e9l\u00e9ments d\u2019attaches et de fermeture du model.\t\t\t\t\t\t\t\t<\/div>\n\t\t\t\t<\/div>\n\t\t\t\t<div class=\"elementor-element elementor-element-9ceb719 sc_fly_static elementor-widget elementor-widget-spacer\" data-id=\"9ceb719\" data-element_type=\"widget\" data-widget_type=\"spacer.default\">\n\t\t\t\t<div class=\"elementor-widget-container\">\n\t\t\t\t\t\t\t<div class=\"elementor-spacer\">\n\t\t\t<div class=\"elementor-spacer-inner\"><\/div>\n\t\t<\/div>\n\t\t\t\t\t\t<\/div>\n\t\t\t\t<\/div>\n\t\t\t\t\t<\/div>\n\t\t<\/div>\n\t\t\t\t\t<\/div>\n\t\t<\/section>\n\t\t\t\t\t<\/div>\n\t\t<\/div>\n\t\t\t\t<div class=\"elementor-column elementor-col-50 elementor-top-column elementor-element elementor-element-5e631e1 sc_content_align_inherit sc_layouts_column_icons_position_left sc_fly_static\" data-id=\"5e631e1\" data-element_type=\"column\">\n\t\t\t<div class=\"elementor-widget-wrap\">\n\t\t\t\t\t\t\t<\/div>\n\t\t<\/div>\n\t\t\t\t\t<\/div>\n\t\t<\/section>\n\t\t\t\t<section class=\"elementor-section-with-custom-width elementor-section elementor-top-section elementor-element elementor-element-f081ad5 elementor-section-boxed elementor-section-height-default elementor-section-height-default sc_fly_static\" data-id=\"f081ad5\" data-element_type=\"section\" data-settings=\"{&quot;background_background&quot;:&quot;classic&quot;}\">\n\t\t\t\t\t\t<div class=\"elementor-container elementor-column-gap-no\">\n\t\t\t\t\t<div class=\"elementor-column elementor-col-100 elementor-top-column elementor-element elementor-element-9c31c90 sc_content_align_inherit sc_layouts_column_icons_position_left sc_fly_static\" data-id=\"9c31c90\" data-element_type=\"column\">\n\t\t\t<div class=\"elementor-widget-wrap elementor-element-populated\">\n\t\t\t\t\t\t<div class=\"elementor-element elementor-element-7ee66c2 sc_fly_static elementor-widget elementor-widget-image-carousel\" data-id=\"7ee66c2\" data-element_type=\"widget\" data-settings=\"{&quot;slides_to_show&quot;:&quot;1&quot;,&quot;navigation&quot;:&quot;none&quot;,&quot;autoplay&quot;:&quot;yes&quot;,&quot;pause_on_hover&quot;:&quot;yes&quot;,&quot;pause_on_interaction&quot;:&quot;yes&quot;,&quot;autoplay_speed&quot;:5000,&quot;infinite&quot;:&quot;yes&quot;,&quot;effect&quot;:&quot;slide&quot;,&quot;speed&quot;:500}\" data-widget_type=\"image-carousel.default\">\n\t\t\t\t<div class=\"elementor-widget-container\">\n\t\t\t\t\t\t\t<div class=\"elementor-image-carousel-wrapper swiper\" role=\"region\" aria-roledescription=\"carousel\" aria-label=\"Image Carousel\" dir=\"ltr\">\n\t\t\t<div class=\"elementor-image-carousel swiper-wrapper\" aria-live=\"off\">\n\t\t\t\t\t\t\t\t<div class=\"swiper-slide\" role=\"group\" aria-roledescription=\"slide\" aria-label=\"1 sur 3\"><figure class=\"swiper-slide-inner\"><img decoding=\"async\" class=\"swiper-slide-image\" src=\"https:\/\/sverossi.com\/wp-content\/uploads\/2025\/07\/BONUS-Packaging-1.jpg\" alt=\"BONUS Packaging 1\" \/><\/figure><\/div><div class=\"swiper-slide\" role=\"group\" aria-roledescription=\"slide\" aria-label=\"2 sur 3\"><figure class=\"swiper-slide-inner\"><img decoding=\"async\" class=\"swiper-slide-image\" src=\"https:\/\/sverossi.com\/wp-content\/uploads\/2025\/07\/BONUS-Packaging-2.jpg\" alt=\"Sve Rossi\" \/><\/figure><\/div><div class=\"swiper-slide\" role=\"group\" aria-roledescription=\"slide\" aria-label=\"3 sur 3\"><figure class=\"swiper-slide-inner\"><img decoding=\"async\" class=\"swiper-slide-image\" src=\"https:\/\/sverossi.com\/wp-content\/uploads\/2025\/07\/BONUS-Packaging-3.jpg\" alt=\"Sve Rossi\" \/><\/figure><\/div>\t\t\t<\/div>\n\t\t\t\t\t\t\t\n\t\t\t\t\t\t\t\t\t<\/div>\n\t\t\t\t\t\t<\/div>\n\t\t\t\t<\/div>\n\t\t\t\t\t<\/div>\n\t\t<\/div>\n\t\t\t\t\t<\/div>\n\t\t<\/section>\n\t\t\t\t<section class=\"elementor-section-with-custom-width elementor-section elementor-top-section elementor-element elementor-element-a02e527 elementor-section-boxed elementor-section-height-default elementor-section-height-default sc_fly_static\" data-id=\"a02e527\" data-element_type=\"section\" data-settings=\"{&quot;background_background&quot;:&quot;classic&quot;}\">\n\t\t\t\t\t\t<div class=\"elementor-container elementor-column-gap-no\">\n\t\t\t\t\t<div class=\"elementor-column elementor-col-33 elementor-top-column elementor-element elementor-element-0031c84 sc_content_align_inherit sc_layouts_column_icons_position_left sc_fly_static\" data-id=\"0031c84\" data-element_type=\"column\">\n\t\t\t<div class=\"elementor-widget-wrap\">\n\t\t\t\t\t\t\t<\/div>\n\t\t<\/div>\n\t\t\t\t<div class=\"elementor-column elementor-col-33 elementor-top-column elementor-element elementor-element-aee5641 sc_content_align_inherit sc_layouts_column_icons_position_left sc_fly_static\" data-id=\"aee5641\" data-element_type=\"column\">\n\t\t\t<div class=\"elementor-widget-wrap\">\n\t\t\t\t\t\t\t<\/div>\n\t\t<\/div>\n\t\t\t\t<div class=\"elementor-column elementor-col-33 elementor-top-column elementor-element elementor-element-128a997 sc_content_align_inherit sc_layouts_column_icons_position_left sc_fly_static\" data-id=\"128a997\" data-element_type=\"column\">\n\t\t\t<div class=\"elementor-widget-wrap elementor-element-populated\">\n\t\t\t\t\t\t<section class=\"elementor-section elementor-inner-section elementor-element elementor-element-67caa9b scheme_default elementor-section-boxed elementor-section-height-default elementor-section-height-default sc_fly_static\" data-id=\"67caa9b\" data-element_type=\"section\" data-settings=\"{&quot;background_background&quot;:&quot;classic&quot;}\">\n\t\t\t\t\t\t<div class=\"elementor-container elementor-column-gap-no\">\n\t\t\t\t\t<div class=\"elementor-column elementor-col-100 elementor-inner-column elementor-element elementor-element-5485ea4 sc_layouts_column_align_center sc_layouts_column sc_content_align_inherit sc_layouts_column_icons_position_left sc_fly_static\" data-id=\"5485ea4\" data-element_type=\"column\">\n\t\t\t<div class=\"elementor-widget-wrap elementor-element-populated\">\n\t\t\t\t\t\t<div class=\"elementor-element elementor-element-179d9c4 sc_fly_static elementor-widget elementor-widget-trx_sc_title\" data-id=\"179d9c4\" data-element_type=\"widget\" data-widget_type=\"trx_sc_title.default\">\n\t\t\t\t<div class=\"elementor-widget-container\">\n\t\t\t\t\t<div\t\tclass=\"sc_title sc_title_default\" ><h3 class=\"sc_item_title sc_title_title sc_item_title_style_default sc_item_title_tag\"\n\t\t\t><span class=\"sc_item_title_text\">D\u00e9couvrez l\u2019artisanat<\/span><\/h3><\/div>\t\t\t\t<\/div>\n\t\t\t\t<\/div>\n\t\t\t\t<div class=\"elementor-element elementor-element-271f62c sc_fly_static elementor-widget elementor-widget-spacer\" data-id=\"271f62c\" data-element_type=\"widget\" data-widget_type=\"spacer.default\">\n\t\t\t\t<div class=\"elementor-widget-container\">\n\t\t\t\t\t\t\t<div class=\"elementor-spacer\">\n\t\t\t<div class=\"elementor-spacer-inner\"><\/div>\n\t\t<\/div>\n\t\t\t\t\t\t<\/div>\n\t\t\t\t<\/div>\n\t\t\t\t<div class=\"elementor-element elementor-element-f9648b9 sc_fly_static elementor-widget elementor-widget-trx_sc_button\" data-id=\"f9648b9\" data-element_type=\"widget\" data-widget_type=\"trx_sc_button.default\">\n\t\t\t\t<div class=\"elementor-widget-container\">\n\t\t\t\t\t<div\tclass=\"sc_item_button sc_button_wrap\" ><a href=\"\/fr\/boutique\/\" class=\"sc_button sc_button_default sc_button_size_small sc_button_icon_left\" ><span class=\"sc_button_text\"><span class=\"sc_button_title\">Achetez Maintenant<\/span><\/span><\/a><\/div>\t\t\t\t<\/div>\n\t\t\t\t<\/div>\n\t\t\t\t\t<\/div>\n\t\t<\/div>\n\t\t\t\t\t<\/div>\n\t\t<\/section>\n\t\t\t\t\t<\/div>\n\t\t<\/div>\n\t\t\t\t\t<\/div>\n\t\t<\/section>\n\t\t\t\t<section class=\"elementor-section elementor-top-section elementor-element elementor-element-4993010 elementor-section-boxed elementor-section-height-default elementor-section-height-default sc_fly_static\" data-id=\"4993010\" data-element_type=\"section\" data-settings=\"{&quot;background_background&quot;:&quot;classic&quot;}\">\n\t\t\t\t\t\t<div class=\"elementor-container elementor-column-gap-extended\">\n\t\t\t\t\t<div class=\"elementor-column elementor-col-100 elementor-top-column elementor-element elementor-element-95710f4 sc_content_align_inherit sc_layouts_column_icons_position_left sc_fly_static\" data-id=\"95710f4\" data-element_type=\"column\">\n\t\t\t<div class=\"elementor-widget-wrap elementor-element-populated\">\n\t\t\t\t\t\t<div class=\"elementor-element elementor-element-8aafe4a delivery-s sc_fly_static elementor-widget elementor-widget-heading\" data-id=\"8aafe4a\" data-element_type=\"widget\" data-widget_type=\"heading.default\">\n\t\t\t\t<div class=\"elementor-widget-container\">\n\t\t\t\t\t<h2 class=\"elementor-heading-title elementor-size-default\"><span>Livraison<\/span><\/h2>\t\t\t\t<\/div>\n\t\t\t\t<\/div>\n\t\t\t\t<div class=\"elementor-element elementor-element-2aaf286 sc_fly_static elementor-widget elementor-widget-text-editor\" data-id=\"2aaf286\" data-element_type=\"widget\" data-widget_type=\"text-editor.default\">\n\t\t\t\t<div class=\"elementor-widget-container\">\n\t\t\t\t\t\t\t\t\t<ul class=\"custom-arr\"><li>Le d\u00e9lai de livraison peut varier entre 1 \u00e0 4 semaines apr\u00e8s le paiement re\u00e7u et selon la disponibilit\u00e9 du model.<\/li><li>Les frais de livraison sont inclus dans les prix affich\u00e9s sur notre site.<\/li><li>Tous nos produits sont exclusivement d\u00e9livr\u00e9s par envoi contre signature.<\/li><li>Toutes \u00e9ventuelles taxes d\u2019importation sont \u00e0 la charge de l\u2019acheteur.<\/li><li>Vous trouverez toutes autres informations de nos produits dans nos conditions g\u00e9n\u00e9rales.<\/li><\/ul>\t\t\t\t\t\t\t\t<\/div>\n\t\t\t\t<\/div>\n\t\t\t\t\t<\/div>\n\t\t<\/div>\n\t\t\t\t\t<\/div>\n\t\t<\/section>\n\t\t\t\t<section class=\"elementor-section elementor-top-section elementor-element elementor-element-8f199a7 elementor-section-full_width elementor-section-height-default elementor-section-height-default sc_fly_static\" data-id=\"8f199a7\" data-element_type=\"section\" data-settings=\"{&quot;background_background&quot;:&quot;classic&quot;}\">\n\t\t\t\t\t\t<div class=\"elementor-container elementor-column-gap-default\">\n\t\t\t\t\t<div class=\"elementor-column elementor-col-100 elementor-top-column elementor-element elementor-element-d97b5e9 sc_content_align_inherit sc_layouts_column_icons_position_left sc_fly_static\" data-id=\"d97b5e9\" data-element_type=\"column\">\n\t\t\t<div class=\"elementor-widget-wrap elementor-element-populated\">\n\t\t\t\t\t\t<div class=\"elementor-element elementor-element-c4ef8b2 sc_fly_static elementor-widget elementor-widget-image\" data-id=\"c4ef8b2\" data-element_type=\"widget\" data-widget_type=\"image.default\">\n\t\t\t\t<div class=\"elementor-widget-container\">\n\t\t\t\t\t\t\t\t\t\t\t\t\t\t\t<img decoding=\"async\" width=\"1170\" height=\"135\" src=\"https:\/\/sverossi.com\/wp-content\/uploads\/2025\/07\/Group-23-2.png\" class=\"attachment-full size-full wp-image-24072\" alt=\"\" srcset=\"https:\/\/sverossi.com\/wp-content\/uploads\/2025\/07\/Group-23-2.png 1170w, https:\/\/sverossi.com\/wp-content\/uploads\/2025\/07\/Group-23-2-600x69.png 600w, https:\/\/sverossi.com\/wp-content\/uploads\/2025\/07\/Group-23-2-324x37.png 324w, https:\/\/sverossi.com\/wp-content\/uploads\/2025\/07\/Group-23-2-300x35.png 300w, https:\/\/sverossi.com\/wp-content\/uploads\/2025\/07\/Group-23-2-1024x118.png 1024w, https:\/\/sverossi.com\/wp-content\/uploads\/2025\/07\/Group-23-2-768x89.png 768w, https:\/\/sverossi.com\/wp-content\/uploads\/2025\/07\/Group-23-2-370x43.png 370w, https:\/\/sverossi.com\/wp-content\/uploads\/2025\/07\/Group-23-2-840x97.png 840w, https:\/\/sverossi.com\/wp-content\/uploads\/2025\/07\/Group-23-2-410x47.png 410w\" sizes=\"(max-width: 1170px) 100vw, 1170px\" \/>\t\t\t\t\t\t\t\t\t\t\t\t\t\t\t<\/div>\n\t\t\t\t<\/div>\n\t\t\t\t<div class=\"elementor-element elementor-element-60c592f sc_fly_static elementor-widget elementor-widget-slider_revolution\" data-id=\"60c592f\" data-element_type=\"widget\" data-widget_type=\"slider_revolution.default\">\n\t\t\t\t<div class=\"elementor-widget-container\">\n\t\t\t\t\t\r\n\t\t<div class=\"wp-block-themepunch-revslider\">\n\t\t\t<!-- START Packaging Slider REVOLUTION SLIDER 6.5.25 --><p class=\"rs-p-wp-fix\"><\/p>\n\t\t\t<rs-module-wrap id=\"rev_slider_9_1_wrapper\" data-source=\"gallery\" style=\"visibility:hidden;background:transparent;padding:0;margin:0px auto;margin-top:0;margin-bottom:0;\">\n\t\t\t\t<rs-module id=\"rev_slider_9_1\" style=\"\" data-version=\"6.5.25\">\n\t\t\t\t\t<rs-slides>\n\t\t\t\t\t\t<rs-slide style=\"position: absolute;\" data-key=\"rs-25\" data-title=\"Slide\" data-thumb=\"\/\/sverossi.com\/wp-content\/uploads\/2025\/07\/unnamed-1-50x100.png\" data-anim=\"ms:10;\" data-in=\"o:1;\" data-out=\"a:false;\">\n\t\t\t\t\t\t\t<img decoding=\"async\" src=\"\/\/sverossi.com\/wp-content\/plugins\/revslider\/public\/assets\/assets\/dummy.png\" alt=\"\" title=\"unnamed (1)\" width=\"1920\" height=\"856\" class=\"rev-slidebg tp-rs-img rs-lazyload\" data-lazyload=\"\/\/sverossi.com\/wp-content\/uploads\/2025\/07\/unnamed-1.png\" data-panzoom=\"d:6000ms;ss:105%;se:105%;os:30px\/30px;oe:0px\/0px;\" data-no-retina>\n<!---->\t\t\t\t\t\t<\/rs-slide>\n\t\t\t\t\t\t<rs-slide style=\"position: absolute;\" data-key=\"rs-26\" data-title=\"Slide\" data-thumb=\"\/\/sverossi.com\/wp-content\/uploads\/2025\/07\/Pink-50x100.png\" data-anim=\"ms:10;\" data-in=\"o:1;\" data-out=\"a:false;\">\n\t\t\t\t\t\t\t<img loading=\"lazy\" decoding=\"async\" src=\"\/\/sverossi.com\/wp-content\/plugins\/revslider\/public\/assets\/assets\/dummy.png\" alt=\"\" title=\"Pink\" width=\"2560\" height=\"1142\" class=\"rev-slidebg tp-rs-img rs-lazyload\" data-lazyload=\"\/\/sverossi.com\/wp-content\/uploads\/2025\/07\/Pink.png\" data-panzoom=\"d:6000ms;ss:105%;se:105%;os:0px\/0px;oe:30px\/30px;\" data-no-retina>\n<!---->\t\t\t\t\t\t<\/rs-slide>\n\t\t\t\t\t\t<rs-slide style=\"position: absolute;\" data-key=\"rs-27\" data-title=\"Slide\" data-thumb=\"\/\/sverossi.com\/wp-content\/uploads\/2025\/07\/black-1-50x100.png\" data-anim=\"ms:10;\" data-in=\"o:1;\" data-out=\"a:false;\">\n\t\t\t\t\t\t\t<img loading=\"lazy\" decoding=\"async\" src=\"\/\/sverossi.com\/wp-content\/plugins\/revslider\/public\/assets\/assets\/dummy.png\" alt=\"\" title=\"black (1)\" width=\"2560\" height=\"1142\" class=\"rev-slidebg tp-rs-img rs-lazyload\" data-lazyload=\"\/\/sverossi.com\/wp-content\/uploads\/2025\/07\/black-1.png\" data-panzoom=\"d:6000ms;ss:105%;se:105%;os:30px\/30px;oe:0px\/0px;\" data-no-retina>\n<!---->\t\t\t\t\t\t<\/rs-slide>\n\t\t\t\t\t\t<rs-slide style=\"position: absolute;\" data-key=\"rs-29\" data-title=\"Slide\" data-thumb=\"\/\/sverossi.com\/wp-content\/uploads\/2025\/07\/C2@2x-50x100.jpg\" data-anim=\"ms:10;\" data-in=\"o:1;\" data-out=\"a:false;\">\n\t\t\t\t\t\t\t<img loading=\"lazy\" decoding=\"async\" src=\"\/\/sverossi.com\/wp-content\/plugins\/revslider\/public\/assets\/assets\/dummy.png\" alt=\"\" title=\"C2@2x\" width=\"2560\" height=\"1142\" class=\"rev-slidebg tp-rs-img rs-lazyload\" data-lazyload=\"\/\/sverossi.com\/wp-content\/uploads\/2025\/07\/C2@2x.jpg\" data-panzoom=\"d:6000ms;ss:105%;se:105%;os:0px\/0px;oe:30px\/30px;\" data-no-retina>\n<!---->\t\t\t\t\t\t<\/rs-slide>\n\t\t\t\t\t\t<rs-slide style=\"position: absolute;\" data-key=\"rs-36\" data-title=\"Slide\" data-thumb=\"\/\/sverossi.com\/wp-content\/uploads\/2025\/07\/Princess-Black-Asphalt-14-50x100.jpg\" data-anim=\"ms:10;\" data-in=\"o:1;\" data-out=\"a:false;\">\n\t\t\t\t\t\t\t<img loading=\"lazy\" decoding=\"async\" src=\"\/\/sverossi.com\/wp-content\/plugins\/revslider\/public\/assets\/assets\/dummy.png\" alt=\"Bags\" title=\"Princess, Black Asphalt, 14\" width=\"2560\" height=\"1142\" class=\"rev-slidebg tp-rs-img rs-lazyload\" data-lazyload=\"\/\/sverossi.com\/wp-content\/uploads\/2025\/07\/Princess-Black-Asphalt-14.jpg\" data-panzoom=\"d:6000ms;ss:105%;se:105%;os:30px\/30px;oe:0px\/0px;\" data-no-retina>\n<!---->\t\t\t\t\t\t<\/rs-slide>\n\t\t\t\t\t<\/rs-slides>\n\t\t\t\t<\/rs-module>\n\t\t\t\t<script>\n\t\t\t\t\tsetREVStartSize({c: 'rev_slider_9_1',rl:[1240,1460,785,500],el:[600,555,630,300],gw:[1300,1100,800,300],gh:[600,555,630,200],type:'standard',justify:'',layout:'fullwidth',mh:\"0\"});if (window.RS_MODULES!==undefined && window.RS_MODULES.modules!==undefined && window.RS_MODULES.modules[\"revslider91\"]!==undefined) {window.RS_MODULES.modules[\"revslider91\"].once = false;window.revapi9 = undefined;if (window.RS_MODULES.checkMinimal!==undefined) window.RS_MODULES.checkMinimal()}\n\t\t\t\t<\/script>\n\t\t\t<\/rs-module-wrap>\n\t\t\t<!-- END REVOLUTION SLIDER -->\n<\/div>\r\n\r\n\t\t\t\t\t\t<\/div>\n\t\t\t\t<\/div>\n\t\t\t\t\t<\/div>\n\t\t<\/div>\n\t\t\t\t\t<\/div>\n\t\t<\/section>\n\t\t\t\t<\/div>\n\t\t","protected":false},"excerpt":{"rendered":"<p>D\u00e9couvrez votre nouveau sac Comment votre nouveau sac est livr\u00e9 Tous nos produits sont livr\u00e9s dans des emballages estampill\u00e9s \u00e0 notre marque avec des Dustbags pour le sac et ses&hellip;<\/p>\n","protected":false},"author":1,"featured_media":0,"parent":0,"menu_order":0,"comment_status":"closed","ping_status":"closed","template":"","meta":{"inline_featured_image":false,"footnotes":""},"class_list":["post-23684","page","type-page","status-publish","hentry"],"_links":{"self":[{"href":"https:\/\/sverossi.com\/fr\/wp-json\/wp\/v2\/pages\/23684","targetHints":{"allow":["GET"]}}],"collection":[{"href":"https:\/\/sverossi.com\/fr\/wp-json\/wp\/v2\/pages"}],"about":[{"href":"https:\/\/sverossi.com\/fr\/wp-json\/wp\/v2\/types\/page"}],"author":[{"embeddable":true,"href":"https:\/\/sverossi.com\/fr\/wp-json\/wp\/v2\/users\/1"}],"replies":[{"embeddable":true,"href":"https:\/\/sverossi.com\/fr\/wp-json\/wp\/v2\/comments?post=23684"}],"version-history":[{"count":88,"href":"https:\/\/sverossi.com\/fr\/wp-json\/wp\/v2\/pages\/23684\/revisions"}],"predecessor-version":[{"id":25106,"href":"https:\/\/sverossi.com\/fr\/wp-json\/wp\/v2\/pages\/23684\/revisions\/25106"}],"wp:attachment":[{"href":"https:\/\/sverossi.com\/fr\/wp-json\/wp\/v2\/media?parent=23684"}],"curies":[{"name":"wp","href":"https:\/\/api.w.org\/{rel}","templated":true}]}}